{"id":68,"date":"2024-11-09T23:44:02","date_gmt":"2024-11-09T23:44:02","guid":{"rendered":"https:\/\/paon.life\/?page_id=68"},"modified":"2024-11-09T23:44:03","modified_gmt":"2024-11-09T23:44:03","slug":"notre-mission","status":"publish","type":"page","link":"https:\/\/paon.club\/index.php\/notre-mission\/","title":{"rendered":"Notre Mission"},"content":{"rendered":"\n<p>L&#8217;Association pour l&#8217;Aide aux Orphelins du N\u00e9pal (P.A.O.N.) a \u00e9t\u00e9 cr\u00e9\u00e9e en 2012 avec la conviction profonde que chaque enfant, quel que soit son lieu de naissance, m\u00e9rite une vie meilleure, une enfance en s\u00e9curit\u00e9 et des perspectives d&#8217;avenir. Depuis sa fondation, notre mission a \u00e9t\u00e9 claire et guid\u00e9e par un objectif humanitaire primordial : offrir une aide mat\u00e9rielle et un soutien financier \u00e0 l&#8217;ONG Relationship Nepal, afin de soutenir les orphelins et enfants d\u00e9favoris\u00e9s au N\u00e9pal. \u00c0 travers cette mission, nous visons \u00e0 am\u00e9liorer la vie de milliers d&#8217;enfants qui se retrouvent dans des situations de grande pr\u00e9carit\u00e9, souvent apr\u00e8s avoir perdu leurs parents ou avoir \u00e9t\u00e9 abandonn\u00e9s.<\/p>\n\n\n\n<p>Notre action repose sur des valeurs solides de solidarit\u00e9, de respect, d&#8217;int\u00e9grit\u00e9 et d\u2019engagement. Nous croyons fermement que le soutien d\u2019une communaut\u00e9 internationale peut apporter une r\u00e9elle diff\u00e9rence dans la vie de ces enfants, en leur offrant un environnement s\u00fbr, des opportunit\u00e9s d\u2019\u00e9ducation et une chance de grandir dans la dignit\u00e9.<\/p>\n\n\n\n<h3 class=\"wp-block-heading\">Contexte et N\u00e9cessit\u00e9 de notre Mission<\/h3>\n\n\n\n<p>Le N\u00e9pal est un pays confront\u00e9 \u00e0 de nombreux d\u00e9fis socio-\u00e9conomiques. La pauvret\u00e9 extr\u00eame, les catastrophes naturelles r\u00e9currentes, la guerre civile, et l\u2019instabilit\u00e9 politique ont engendr\u00e9 de nombreuses souffrances parmi la population, en particulier les enfants. Chaque ann\u00e9e, de nombreux enfants sont abandonn\u00e9s ou s\u00e9par\u00e9s de leurs familles en raison de la pauvret\u00e9, du manque d&#8217;acc\u00e8s aux soins de sant\u00e9 et \u00e0 l&#8217;\u00e9ducation, ou encore \u00e0 la suite de catastrophes naturelles telles que les tremblements de terre. Ces enfants se retrouvent alors sans protection, vuln\u00e9rables \u00e0 toutes sortes de dangers et priv\u00e9s des conditions n\u00e9cessaires \u00e0 leur d\u00e9veloppement physique, \u00e9motionnel et intellectuel.<\/p>\n\n\n\n<p>L\u2019ONG Relationship Nepal, avec laquelle nous collaborons \u00e9troitement, joue un r\u00f4le crucial en apportant une prise en charge quotidienne \u00e0 ces enfants orphelins et vuln\u00e9rables. Cependant, les d\u00e9fis sont consid\u00e9rables et n\u00e9cessitent une aide soutenue. Le r\u00f4le de P.A.O.N. est donc essentiel pour garantir que Relationship Nepal puisse poursuivre sa mission de mani\u00e8re durable et efficace, en offrant aux enfants de meilleures conditions de vie, une \u00e9ducation de qualit\u00e9 et une attention particuli\u00e8re \u00e0 leur bien-\u00eatre physique et mental.<\/p>\n\n\n\n<h3 class=\"wp-block-heading\">Notre Approche et nos Actions<\/h3>\n\n\n\n<p>Notre mission ne se limite pas \u00e0 une aide ponctuelle, mais cherche \u00e0 instaurer un impact durable sur le long terme. Nous avons d\u00e9velopp\u00e9 une approche globale qui repose sur plusieurs axes compl\u00e9mentaires afin de soutenir de mani\u00e8re efficace les efforts de Relationship Nepal et de garantir un avenir meilleur aux enfants qu\u2019elle prend en charge.<\/p>\n\n\n\n<h4 class=\"wp-block-heading\">1. <strong>Soutien financier \u00e0 l\u2019ONG Relationship Nepal<\/strong><\/h4>\n\n\n\n<p>L\u2019un des principaux piliers de notre mission est de fournir un soutien financier \u00e0 Relationship Nepal pour assurer le bon fonctionnement de ses activit\u00e9s quotidiennes. Cela inclut les co\u00fbts li\u00e9s \u00e0 la prise en charge des enfants dans les foyers d\u2019accueil (logement, alimentation, soins m\u00e9dicaux), l\u2019organisation d\u2019activit\u00e9s \u00e9ducatives et r\u00e9cr\u00e9atives, ainsi que la mise en place de projets d\u2019autonomisation \u00e0 long terme. \u00c0 travers des collectes de fonds, des \u00e9v\u00e9nements de charit\u00e9 et des campagnes de financement participatif, P.A.O.N. collecte les ressources n\u00e9cessaires pour r\u00e9pondre \u00e0 ces besoins essentiels.<\/p>\n\n\n\n<p>Les fonds r\u00e9colt\u00e9s sont utilis\u00e9s de mani\u00e8re transparente et responsable, en priorit\u00e9 pour am\u00e9liorer le quotidien des enfants : ils permettent de couvrir les frais alimentaires, d\u2019\u00e9quipement scolaire, de v\u00eatements, mais aussi les frais de sant\u00e9 et les investissements dans les infrastructures (am\u00e9lioration des foyers, construction de nouvelles installations, etc.). Gr\u00e2ce \u00e0 cette contribution, Relationship Nepal peut se concentrer sur sa mission sans avoir \u00e0 se soucier des contraintes financi\u00e8res quotidiennes.<\/p>\n\n\n\n<h4 class=\"wp-block-heading\">2. <strong>Aide mat\u00e9rielle et en nature<\/strong><\/h4>\n\n\n\n<p>Outre les contributions financi\u00e8res, P.A.O.N. organise \u00e9galement des collectes de dons mat\u00e9riels pour fournir des ressources directes aux enfants et aux structures qui les accueillent. Nous r\u00e9coltons des v\u00eatements, des chaussures, des jouets \u00e9ducatifs, des fournitures scolaires, des produits d&#8217;hygi\u00e8ne et des \u00e9quipements m\u00e9dicaux qui sont envoy\u00e9s directement \u00e0 Relationship Nepal. Ces dons permettent de r\u00e9pondre aux besoins imm\u00e9diats des enfants et de rendre leur environnement plus confortable et s\u00e9curisant.<\/p>\n\n\n\n<p>Les dons en nature sont \u00e9galement essentiels pour am\u00e9liorer les conditions de vie au sein des foyers d\u2019accueil. En effet, dans un pays comme le N\u00e9pal, de nombreuses familles et institutions manquent de ressources pour s\u2019offrir des produits de qualit\u00e9 ou pour maintenir les infrastructures dans un \u00e9tat optimal. Les dons mat\u00e9riels, bien qu\u2019essentiels, apportent une r\u00e9ponse imm\u00e9diate mais aussi un soutien \u00e0 long terme, en contribuant \u00e0 l&#8217;am\u00e9lioration de la qualit\u00e9 de vie des enfants.<\/p>\n\n\n\n<h4 class=\"wp-block-heading\">3. <strong>Sensibilisation et plaidoyer<\/strong><\/h4>\n\n\n\n<p>Une autre dimension de notre mission est la sensibilisation du public aux r\u00e9alit\u00e9s v\u00e9cues par les orphelins au N\u00e9pal. \u00c0 travers des \u00e9v\u00e9nements, des conf\u00e9rences, des projections de films, et des campagnes de communication, nous cherchons \u00e0 faire conna\u00eetre la situation de ces enfants et \u00e0 encourager le soutien \u00e0 notre cause.<\/p>\n\n\n\n<p>Nous croyons que l\u2019information et la prise de conscience sont des leviers puissants pour inciter \u00e0 l\u2019action. C\u2019est pourquoi nous organisons r\u00e9guli\u00e8rement des \u00e9v\u00e9nements dans toute la France, en particulier dans les \u00e9coles, les universit\u00e9s, et les entreprises, pour sensibiliser le public aux d\u00e9fis auxquels sont confront\u00e9s les enfants n\u00e9palais. En plus de ces \u00e9v\u00e9nements, nous menons des campagnes de collecte de fonds, de dons et de soutien afin de financer nos actions.<\/p>\n\n\n\n<h4 class=\"wp-block-heading\">4. <strong>Partenariats locaux et internationaux<\/strong><\/h4>\n\n\n\n<p>Notre mission se fonde \u00e9galement sur l\u2019\u00e9tablissement de partenariats solides et durables. Nous travaillons en \u00e9troite collaboration avec des acteurs locaux au N\u00e9pal, comme Relationship Nepal, mais aussi avec des organisations non gouvernementales et des institutions fran\u00e7aises et internationales. Ces partenariats nous permettent de mutualiser nos efforts et de maximiser notre impact.<\/p>\n\n\n\n<p>Au-del\u00e0 des partenariats financiers, nous cherchons \u00e9galement \u00e0 d\u00e9velopper des collaborations dans le domaine de l\u2019\u00e9ducation, de la sant\u00e9, et du d\u00e9veloppement durable. Par exemple, nous avons mis en place des programmes pour soutenir l\u2019\u00e9ducation des enfants en leur fournissant des bourses scolaires, des fournitures p\u00e9dagogiques et un acc\u00e8s \u00e0 une formation professionnelle. Nous travaillons \u00e9galement \u00e0 sensibiliser les jeunes g\u00e9n\u00e9rations et \u00e0 les encourager \u00e0 s&#8217;engager dans des projets de solidarit\u00e9 internationale.<\/p>\n\n\n\n<h4 class=\"wp-block-heading\">5. <strong>\u00c9ducation et d\u00e9veloppement personnel des enfants<\/strong><\/h4>\n\n\n\n<p>Notre mission est d&#8217;offrir aux enfants orphelins du N\u00e9pal non seulement un toit et des soins, mais aussi une v\u00e9ritable chance de r\u00e9ussir dans la vie gr\u00e2ce \u00e0 l&#8217;\u00e9ducation. Relationship Nepal met l&#8217;accent sur l&#8217;\u00e9ducation des enfants, qui est consid\u00e9r\u00e9e comme le principal levier pour briser le cycle de la pauvret\u00e9 et donner \u00e0 ces enfants une chance de s\u2019\u00e9panouir et de r\u00e9ussir.<\/p>\n\n\n\n<p>Nous soutenons cet objectif en fournissant des ressources financi\u00e8res et mat\u00e9rielles pour garantir une \u00e9ducation de qualit\u00e9 \u00e0 chaque enfant pris en charge. En plus des cours acad\u00e9miques traditionnels, Relationship Nepal offre \u00e9galement des programmes de d\u00e9veloppement personnel, comme des activit\u00e9s sportives, culturelles, et des formations pratiques, pour pr\u00e9parer les enfants \u00e0 la vie adulte et \u00e0 leur avenir professionnel.<\/p>\n\n\n\n<h3 class=\"wp-block-heading\">L&#8217;Impact de notre Mission<\/h3>\n\n\n\n<p>L&#8217;impact de notre mission est tangible et concret. Depuis la cr\u00e9ation de l\u2019association, plusieurs centaines d\u2019enfants ont pu b\u00e9n\u00e9ficier de notre aide. Gr\u00e2ce \u00e0 nos efforts, ces enfants ont vu leur qualit\u00e9 de vie s&#8217;am\u00e9liorer, tant sur le plan mat\u00e9riel qu&#8217;\u00e9motionnel. Ils ont acc\u00e8s \u00e0 une \u00e9ducation qui leur permet d\u2019envisager un avenir meilleur, loin des dangers de la rue ou des conditions de vie d\u00e9gradantes. De nombreux enfants ont aujourd&#8217;hui la possibilit\u00e9 de poursuivre des \u00e9tudes secondaires et universitaires, de se former \u00e0 des m\u00e9tiers sp\u00e9cifiques, et d&#8217;int\u00e9grer le march\u00e9 du travail dans de meilleures conditions.<\/p>\n\n\n\n<p>Au-del\u00e0 des enfants que nous aidons directement, notre mission a \u00e9galement permis de sensibiliser un large public aux r\u00e9alit\u00e9s de la pauvret\u00e9 et de la pr\u00e9carit\u00e9 au N\u00e9pal. En participant \u00e0 nos \u00e9v\u00e9nements, en faisant un don ou en partageant notre message, chaque personne impliqu\u00e9e contribue \u00e0 l&#8217;effort collectif pour un avenir plus solidaire et plus juste.<\/p>\n\n\n\n<h3 class=\"wp-block-heading\">Conclusion<\/h3>\n\n\n\n<p>La mission de l&#8217;Association pour l&#8217;Aide aux Orphelins du N\u00e9pal (P.A.O.N.) est avant tout une mission de solidarit\u00e9 humaine. En soutenant Relationship Nepal, nous donnons aux enfants orphelins du N\u00e9pal la possibilit\u00e9 de se reconstruire et de se r\u00e9inventer. Chaque contribution, qu\u2019elle soit financi\u00e8re, mat\u00e9rielle ou humaine, est une pierre de plus \u00e0 l\u2019\u00e9difice que nous b\u00e2tissons pour am\u00e9liorer la vie de ces enfants et leur offrir une chance de vivre dignement.<\/p>\n\n\n\n<p>Nous croyons que, ensemble, nous pouvons changer le destin de ces enfants, et leur donner un avenir plus radieux, plus serein et plus \u00e9quitable. Nous vous invitons \u00e0 nous rejoindre dans cette aventure humaine et \u00e0 soutenir notre mission pour que ces enfants aient la chance de grandir dans un environnement s\u00e9curisant et propice \u00e0 leur \u00e9panouissement.<\/p>\n","protected":false},"excerpt":{"rendered":"<p>L&#8217;Association pour l&#8217;Aide aux Orphelins du N\u00e9pal (P.A.O.N.) a \u00e9t\u00e9 cr\u00e9\u00e9e en 2012 avec la conviction profonde que chaque enfant, quel que soit son lieu de naissance, m\u00e9rite une vie meilleure, une enfance en s\u00e9curit\u00e9 et des perspectives d&#8217;avenir. Depuis sa fondation, notre mission a \u00e9t\u00e9 claire et guid\u00e9e par un objectif humanitaire primordial : [&hellip;]<\/p>\n","protected":false},"author":1,"featured_media":0,"parent":0,"menu_order":0,"comment_status":"closed","ping_status":"closed","template":"","meta":{"saved_in_kubio":false,"footnotes":""},"class_list":["post-68","page","type-page","status-publish","hentry"],"kubio_ai_page_context":{"short_desc":"","purpose":"general"},"_links":{"self":[{"href":"https:\/\/paon.club\/index.php\/wp-json\/wp\/v2\/pages\/68","targetHints":{"allow":["GET"]}}],"collection":[{"href":"https:\/\/paon.club\/index.php\/wp-json\/wp\/v2\/pages"}],"about":[{"href":"https:\/\/paon.club\/index.php\/wp-json\/wp\/v2\/types\/page"}],"author":[{"embeddable":true,"href":"https:\/\/paon.club\/index.php\/wp-json\/wp\/v2\/users\/1"}],"replies":[{"embeddable":true,"href":"https:\/\/paon.club\/index.php\/wp-json\/wp\/v2\/comments?post=68"}],"version-history":[{"count":1,"href":"https:\/\/paon.club\/index.php\/wp-json\/wp\/v2\/pages\/68\/revisions"}],"predecessor-version":[{"id":76,"href":"https:\/\/paon.club\/index.php\/wp-json\/wp\/v2\/pages\/68\/revisions\/76"}],"wp:attachment":[{"href":"https:\/\/paon.club\/index.php\/wp-json\/wp\/v2\/media?parent=68"}],"curies":[{"name":"wp","href":"https:\/\/api.w.org\/{rel}","templated":true}]}}