{"id":69,"date":"2024-11-09T23:44:10","date_gmt":"2024-11-09T23:44:10","guid":{"rendered":"https:\/\/paon.life\/?page_id=69"},"modified":"2024-11-09T23:44:10","modified_gmt":"2024-11-09T23:44:10","slug":"devenir-benevole","status":"publish","type":"page","link":"https:\/\/paon.club\/index.php\/devenir-benevole\/","title":{"rendered":"Devenir B\u00e9n\u00e9vole"},"content":{"rendered":"\n<h4 class=\"wp-block-heading\">Pourquoi Devenir B\u00e9n\u00e9vole avec P.A.O.N. ?<\/h4>\n\n\n\n<p>Rejoindre l\u2019Association pour l&#8217;Aide aux Orphelins du N\u00e9pal (P.A.O.N.) en tant que b\u00e9n\u00e9vole, c\u2019est l\u2019opportunit\u00e9 de faire une diff\u00e9rence r\u00e9elle dans la vie d&#8217;enfants orphelins et d\u00e9favoris\u00e9s au N\u00e9pal. Notre mission de soutien \u00e0 l&#8217;ONG Relationship Nepal repose sur l&#8217;engagement de personnes passionn\u00e9es et pr\u00eates \u00e0 investir du temps et de l&#8217;\u00e9nergie pour apporter un soutien humanitaire essentiel.<\/p>\n\n\n\n<p>Le b\u00e9n\u00e9volat est un moyen puissant de participer \u00e0 un changement social durable. \u00c0 travers des actions concr\u00e8tes, vous pouvez contribuer \u00e0 l\u2019am\u00e9lioration des conditions de vie de ces enfants, leur offrir des opportunit\u00e9s d\u2019avenir et promouvoir des valeurs de solidarit\u00e9 internationale. Chaque contribution, m\u00eame modeste, a un impact consid\u00e9rable dans notre lutte contre la pauvret\u00e9 et la marginalisation des enfants au N\u00e9pal.<\/p>\n\n\n\n<h4 class=\"wp-block-heading\">Nos Besoins en B\u00e9n\u00e9voles<\/h4>\n\n\n\n<p>Notre association se d\u00e9veloppe chaque ann\u00e9e, et nos besoins en b\u00e9n\u00e9voles \u00e9voluent \u00e9galement en fonction des projets en cours. Nous recherchons des b\u00e9n\u00e9voles pour plusieurs activit\u00e9s vari\u00e9es qui sont cruciales pour la r\u00e9ussite de notre mission. Voici quelques domaines dans lesquels vous pourriez nous apporter votre aide :<\/p>\n\n\n\n<ul class=\"wp-block-list\">\n<li><strong>Collecte de fonds et gestion d&#8217;\u00e9v\u00e9nements<\/strong> : Organiser et coordonner des \u00e9v\u00e9nements pour r\u00e9colter des fonds (concerts, ventes de charit\u00e9, campagnes en ligne, etc.). Ce soutien est fondamental pour financer les activit\u00e9s de l\u2019ONG Relationship Nepal.<\/li>\n\n\n\n<li><strong>Sensibilisation et communication<\/strong> : Aider \u00e0 la cr\u00e9ation de supports de communication (brochures, vid\u00e9os, articles), g\u00e9rer des campagnes de sensibilisation ou intervenir dans des \u00e9coles et des entreprises pour informer sur notre cause et encourager les dons.<\/li>\n\n\n\n<li><strong>B\u00e9n\u00e9volat \u00e0 distance<\/strong> : Si vous n\u2019\u00eates pas en mesure de nous rejoindre physiquement, il est aussi possible d\u2019aider \u00e0 distance par des t\u00e2ches administratives, des campagnes en ligne ou des recherches de partenaires pour notre ONG au N\u00e9pal.<\/li>\n\n\n\n<li><strong>Partenariats et collaboration<\/strong> : Si vous avez des contacts dans des entreprises, des institutions ou d\u2019autres organisations, vous pouvez nous aider \u00e0 \u00e9tablir des partenariats pour collecter des fonds, organiser des \u00e9v\u00e9nements ou obtenir des dons mat\u00e9riels.<\/li>\n<\/ul>\n\n\n\n<h4 class=\"wp-block-heading\">Comment Devenir B\u00e9n\u00e9vole ?<\/h4>\n\n\n\n<p>Devenir b\u00e9n\u00e9vole avec P.A.O.N. est simple et accessible. Il suffit de suivre quelques \u00e9tapes pour rejoindre notre \u00e9quipe :<\/p>\n\n\n\n<ol class=\"wp-block-list\">\n<li><strong>Contactez-nous<\/strong> : Si vous \u00eates int\u00e9ress\u00e9 par le b\u00e9n\u00e9volat, nous vous encourageons \u00e0 nous envoyer un email \u00e0 <a>secretariat@paon.life<\/a> pour nous faire part de votre int\u00e9r\u00eat. Vous pouvez aussi nous contacter par t\u00e9l\u00e9phone ou par courrier.<\/li>\n\n\n\n<li><strong>Entretien et pr\u00e9sentation de l\u2019association<\/strong> : Nous organiserons une rencontre (en personne ou \u00e0 distance) pour vous pr\u00e9senter nos actions, nos besoins, et voir dans quel domaine vous pouvez intervenir.<\/li>\n\n\n\n<li><strong>Engagement et formation<\/strong> : Une fois que nous avons d\u00e9termin\u00e9 ensemble comment vous pouvez contribuer \u00e0 notre mission, vous serez int\u00e9gr\u00e9 \u00e0 notre \u00e9quipe. Nous organisons des sessions d\u2019information et de formation pour vous aider \u00e0 bien comprendre les enjeux de notre travail et pour vous fournir les outils n\u00e9cessaires \u00e0 la r\u00e9alisation de vos missions.<\/li>\n\n\n\n<li><strong>Mise en action<\/strong> : D\u00e8s que vous \u00eates pr\u00eat, vous pourrez commencer \u00e0 contribuer \u00e0 nos projets. Votre engagement peut \u00eatre ponctuel ou de longue dur\u00e9e, en fonction de vos disponibilit\u00e9s.<\/li>\n<\/ol>\n\n\n\n<h4 class=\"wp-block-heading\">Les Avantages du B\u00e9n\u00e9volat<\/h4>\n\n\n\n<p>Le b\u00e9n\u00e9volat avec P.A.O.N. vous permet de vivre une exp\u00e9rience enrichissante, \u00e0 la fois humaine et professionnelle. Vous pourrez d\u00e9velopper de nouvelles comp\u00e9tences, cr\u00e9er des liens avec des personnes partageant les m\u00eames valeurs, et participer \u00e0 des projets concrets qui apportent un impact tangible pour les enfants au N\u00e9pal. Vous aurez \u00e9galement l\u2019opportunit\u00e9 d&#8217;\u00eatre acteur d\u2019un changement social positif et durable.<\/p>\n\n\n\n<h4 class=\"wp-block-heading\">T\u00e9moignages de B\u00e9n\u00e9voles<\/h4>\n\n\n\n<p>Nous avons eu la chance d\u2019accueillir de nombreux b\u00e9n\u00e9voles au fil des ann\u00e9es, chacun apportant ses comp\u00e9tences et sa passion \u00e0 notre mission. Voici quelques t\u00e9moignages qui montrent la satisfaction et la motivation de ceux qui ont choisi de s&#8217;engager avec P.A.O.N. :<\/p>\n\n\n\n<p><em>&#8220;Devenir b\u00e9n\u00e9vole avec P.A.O.N. m\u2019a permis de rencontrer des personnes formidables et de participer \u00e0 des projets qui changent la vie des enfants au N\u00e9pal. C\u2019est une exp\u00e9rience qui m\u2019a profond\u00e9ment touch\u00e9e et qui m\u2019a donn\u00e9 un sens \u00e0 mon engagement.&#8221;<\/em> &#8211; Marie, b\u00e9n\u00e9vole depuis 2019<\/p>\n\n\n\n<p><em>&#8220;En tant que b\u00e9n\u00e9vole, j\u2019ai pu mettre \u00e0 profit mes comp\u00e9tences en communication pour sensibiliser le public \u00e0 la cause des orphelins au N\u00e9pal. J\u2019ai vu de mes propres yeux l\u2019impact que cela a eu. C\u2019est un travail d\u2019\u00e9quipe et une belle aventure humaine.&#8221;<\/em> &#8211; Paul, b\u00e9n\u00e9vole depuis 2021<\/p>\n","protected":false},"excerpt":{"rendered":"<p>Pourquoi Devenir B\u00e9n\u00e9vole avec P.A.O.N. ? Rejoindre l\u2019Association pour l&#8217;Aide aux Orphelins du N\u00e9pal (P.A.O.N.) en tant que b\u00e9n\u00e9vole, c\u2019est l\u2019opportunit\u00e9 de faire une diff\u00e9rence r\u00e9elle dans la vie d&#8217;enfants orphelins et d\u00e9favoris\u00e9s au N\u00e9pal. Notre mission de soutien \u00e0 l&#8217;ONG Relationship Nepal repose sur l&#8217;engagement de personnes passionn\u00e9es et pr\u00eates \u00e0 investir du temps [&hellip;]<\/p>\n","protected":false},"author":1,"featured_media":0,"parent":0,"menu_order":0,"comment_status":"closed","ping_status":"closed","template":"","meta":{"saved_in_kubio":false,"footnotes":""},"class_list":["post-69","page","type-page","status-publish","hentry"],"kubio_ai_page_context":{"short_desc":"","purpose":"general"},"_links":{"self":[{"href":"https:\/\/paon.club\/index.php\/wp-json\/wp\/v2\/pages\/69","targetHints":{"allow":["GET"]}}],"collection":[{"href":"https:\/\/paon.club\/index.php\/wp-json\/wp\/v2\/pages"}],"about":[{"href":"https:\/\/paon.club\/index.php\/wp-json\/wp\/v2\/types\/page"}],"author":[{"embeddable":true,"href":"https:\/\/paon.club\/index.php\/wp-json\/wp\/v2\/users\/1"}],"replies":[{"embeddable":true,"href":"https:\/\/paon.club\/index.php\/wp-json\/wp\/v2\/comments?post=69"}],"version-history":[{"count":1,"href":"https:\/\/paon.club\/index.php\/wp-json\/wp\/v2\/pages\/69\/revisions"}],"predecessor-version":[{"id":77,"href":"https:\/\/paon.club\/index.php\/wp-json\/wp\/v2\/pages\/69\/revisions\/77"}],"wp:attachment":[{"href":"https:\/\/paon.club\/index.php\/wp-json\/wp\/v2\/media?parent=69"}],"curies":[{"name":"wp","href":"https:\/\/api.w.org\/{rel}","templated":true}]}}